{"id":991,"date":"2025-08-18T13:51:15","date_gmt":"2025-08-18T13:51:15","guid":{"rendered":"https:\/\/cansinkidswear.com.tr\/?page_id=991"},"modified":"2025-08-18T14:31:08","modified_gmt":"2025-08-18T14:31:08","slug":"bursa-toptan-cocuk-esofman-takimi","status":"publish","type":"page","link":"https:\/\/cansinkidswear.com.tr\/?page_id=991","title":{"rendered":"Bursa Toptan \u00c7ocuk E\u015fofman Tak\u0131m\u0131"},"content":{"rendered":"\t\t<div data-elementor-type=\"wp-page\" data-elementor-id=\"991\" class=\"elementor elementor-991\">\n\t\t\t\t<div class=\"elementor-element elementor-element-1136170a wd-section-stretch e-con-full e-flex e-con e-parent\" data-id=\"1136170a\" data-element_type=\"container\" data-settings=\"{&quot;background_background&quot;:&quot;classic&quot;}\">\n\t\t<div class=\"elementor-element elementor-element-1d88e3ce e-con-full e-flex e-con e-child\" data-id=\"1d88e3ce\" data-element_type=\"container\">\n\t\t<div class=\"elementor-element elementor-element-55316b08 e-con-full e-flex e-con e-child\" data-id=\"55316b08\" data-element_type=\"container\">\n\t\t\t\t<div class=\"elementor-element elementor-element-1e1b881a elementor-widget__width-auto elementor-widget elementor-widget-wd_text_block\" data-id=\"1e1b881a\" data-element_type=\"widget\" data-widget_type=\"wd_text_block.default\">\n\t\t\t\t<div class=\"elementor-widget-container\">\n\t\t\t\t\t\t\t\t<link rel=\"stylesheet\" id=\"wd-text-block-css\" href=\"https:\/\/cansinkidswear.com.tr\/wp-content\/themes\/woodmart\/css\/parts\/el-text-block.min.css?ver=7.6.0\" type=\"text\/css\" media=\"all\" \/> \t\t\t\t\t<div class=\"wd-text-block reset-last-child text-left color-title\">\n\t\t\t\n\t\t\t<p>Toptan \u00c7ocuk E\u015fofman Tak\u0131m\u0131<\/p>\n\t\t\t\t\t<\/div>\n\t\t\t\t\t\t<\/div>\n\t\t\t\t<\/div>\n\t\t\t\t<div class=\"elementor-element elementor-element-6e809d03 elementor-widget__width-auto elementor-widget-tablet__width-initial elementor-hidden-mobile elementor-widget elementor-widget-wd_image_or_svg\" data-id=\"6e809d03\" data-element_type=\"widget\" data-widget_type=\"wd_image_or_svg.default\">\n\t\t\t\t<div class=\"elementor-widget-container\">\n\t\t\t\t\t\n\t\t<div class=\"wd-image text-left\">\n\t\t\t\t\t\t\t\t<img decoding=\"async\"  src=\"https:\/\/cansinkidswear.com.tr\/wp-content\/uploads\/2025\/08\/ps-bold-static-star.svg\" title=\"ps-bold-static-star.svg\" width=\"82\" height=\"82\">\t\t\t\t\t<\/div>\n\n\t\t\t\t\t\t<\/div>\n\t\t\t\t<\/div>\n\t\t\t\t<\/div>\n\t\t\t\t<div class=\"elementor-element elementor-element-725e451c elementor-widget-divider--view-line elementor-widget elementor-widget-divider\" data-id=\"725e451c\" data-element_type=\"widget\" data-widget_type=\"divider.default\">\n\t\t\t\t\t\t\t<div class=\"elementor-divider\">\n\t\t\t<span class=\"elementor-divider-separator\">\n\t\t\t\t\t\t<\/span>\n\t\t<\/div>\n\t\t\t\t\t\t<\/div>\n\t\t\t\t<div class=\"elementor-element elementor-element-8aed54a elementor-hidden-tablet elementor-hidden-mobile elementor-widget elementor-widget-wd_text_block\" data-id=\"8aed54a\" data-element_type=\"widget\" data-widget_type=\"wd_text_block.default\">\n\t\t\t\t<div class=\"elementor-widget-container\">\n\t\t\t\t\t\t\t<div class=\"wd-text-block reset-last-child text-left\">\n\t\t\t\n\t\t\t<p data-start=\"140\" data-end=\"466\">T\u00fcrkiye\u2019nin tekstil ba\u015fkenti olarak bilinen Bursa, <strong data-start=\"191\" data-end=\"222\">toptan \u00e7ocuk e\u015fofman tak\u0131m\u0131<\/strong> \u00fcretiminde kalite, rahatl\u0131k ve \u015f\u0131kl\u0131\u011f\u0131 bir araya getirmektedir. \u00c7ocuklar\u0131n g\u00fcnl\u00fck ya\u015famda \u00f6zg\u00fcrce hareket edebilece\u011fi, sa\u011fl\u0131kl\u0131 ve dayan\u0131kl\u0131 kuma\u015flardan \u00fcretilen e\u015fofman tak\u0131mlar\u0131; hem spor hem de g\u00fcnl\u00fck kullan\u0131m i\u00e7in ideal se\u00e7enekler sunar.<\/p><p data-start=\"468\" data-end=\"740\">Bursa\u2019da \u00fcretilen \u00e7ocuk e\u015fofman tak\u0131mlar\u0131; modern tasar\u0131mlar\u0131, farkl\u0131 renk ve model se\u00e7enekleriyle her sezona uyum sa\u011flamaktad\u0131r. Yumu\u015fak dokusu, esnek yap\u0131s\u0131 ve uzun \u00f6m\u00fcrl\u00fc kullan\u0131m \u00f6zellikleriyle \u00f6ne \u00e7\u0131kan bu \u00fcr\u00fcnler, ebeveynler taraf\u0131ndan g\u00fcvenle tercih edilmektedir.<\/p><p data-start=\"742\" data-end=\"1042\">Uygun fiyat avantajlar\u0131, geni\u015f \u00fcr\u00fcn yelpazesi ve h\u0131zl\u0131 tedarik s\u00fcre\u00e7leri sayesinde <strong data-start=\"825\" data-end=\"870\">Bursa toptan \u00e7ocuk e\u015fofman tak\u0131m\u0131 sekt\u00f6r\u00fc<\/strong>, ma\u011faza ve bayiler i\u00e7in kazan\u00e7l\u0131 bir i\u015f modeli sunar. Hem i\u00e7 piyasada hem de ihracatta g\u00fc\u00e7l\u00fc bir konuma sahip olan Bursa, \u00e7ocuk giyiminde g\u00fcvenin ve kalitenin adresidir.<\/p>\n\t\t\t\t\t<\/div>\n\t\t\t\t\t\t<\/div>\n\t\t\t\t<\/div>\n\t\t\t\t<\/div>\n\t\t<div class=\"elementor-element elementor-element-22304c26 e-con-full e-flex e-con e-child\" data-id=\"22304c26\" data-element_type=\"container\">\n\t\t\t\t<div class=\"elementor-element elementor-element-11ed147b elementor-widget elementor-widget-wd_image_or_svg\" data-id=\"11ed147b\" data-element_type=\"widget\" data-widget_type=\"wd_image_or_svg.default\">\n\t\t\t\t<div class=\"elementor-widget-container\">\n\t\t\t\t\t\n\t\t<div class=\"wd-image text-left\">\n\t\t\t\t\t\t\t\t<img fetchpriority=\"high\" decoding=\"async\" width=\"600\" height=\"816\" src=\"https:\/\/cansinkidswear.com.tr\/wp-content\/uploads\/2025\/08\/Adsiz-tasarim-2025-08-18T165341.951.png\" class=\"attachment-full size-full\" alt=\"\" srcset=\"https:\/\/cansinkidswear.com.tr\/wp-content\/uploads\/2025\/08\/Adsiz-tasarim-2025-08-18T165341.951.png 600w, https:\/\/cansinkidswear.com.tr\/wp-content\/uploads\/2025\/08\/Adsiz-tasarim-2025-08-18T165341.951-221x300.png 221w, https:\/\/cansinkidswear.com.tr\/wp-content\/uploads\/2025\/08\/Adsiz-tasarim-2025-08-18T165341.951-150x204.png 150w\" sizes=\"(max-width: 600px) 100vw, 600px\" \/>\t\t\t\t\t<\/div>\n\n\t\t\t\t\t\t<\/div>\n\t\t\t\t<\/div>\n\t\t\t\t<\/div>\n\t\t\t\t<\/div>\n\t\t\t\t<\/div>\n\t\t","protected":false},"excerpt":{"rendered":"<p>Toptan \u00c7ocuk E\u015fofman Tak\u0131m\u0131 T\u00fcrkiye\u2019nin tekstil ba\u015fkenti olarak bilinen Bursa, toptan \u00e7ocuk e\u015fofman tak\u0131m\u0131 \u00fcretiminde kalite, rahatl\u0131k ve \u015f\u0131kl\u0131\u011f\u0131 bir<\/p>\n","protected":false},"author":1,"featured_media":0,"parent":0,"menu_order":0,"comment_status":"closed","ping_status":"closed","template":"","meta":{"footnotes":""},"class_list":["post-991","page","type-page","status-publish","hentry"],"_links":{"self":[{"href":"https:\/\/cansinkidswear.com.tr\/index.php?rest_route=\/wp\/v2\/pages\/991","targetHints":{"allow":["GET"]}}],"collection":[{"href":"https:\/\/cansinkidswear.com.tr\/index.php?rest_route=\/wp\/v2\/pages"}],"about":[{"href":"https:\/\/cansinkidswear.com.tr\/index.php?rest_route=\/wp\/v2\/types\/page"}],"author":[{"embeddable":true,"href":"https:\/\/cansinkidswear.com.tr\/index.php?rest_route=\/wp\/v2\/users\/1"}],"replies":[{"embeddable":true,"href":"https:\/\/cansinkidswear.com.tr\/index.php?rest_route=%2Fwp%2Fv2%2Fcomments&post=991"}],"version-history":[{"count":7,"href":"https:\/\/cansinkidswear.com.tr\/index.php?rest_route=\/wp\/v2\/pages\/991\/revisions"}],"predecessor-version":[{"id":1041,"href":"https:\/\/cansinkidswear.com.tr\/index.php?rest_route=\/wp\/v2\/pages\/991\/revisions\/1041"}],"wp:attachment":[{"href":"https:\/\/cansinkidswear.com.tr\/index.php?rest_route=%2Fwp%2Fv2%2Fmedia&parent=991"}],"curies":[{"name":"wp","href":"https:\/\/api.w.org\/{rel}","templated":true}]}}