{"id":966,"date":"2025-08-18T13:40:01","date_gmt":"2025-08-18T13:40:01","guid":{"rendered":"https:\/\/cansinkidswear.com.tr\/?page_id=966"},"modified":"2025-08-18T14:29:05","modified_gmt":"2025-08-18T14:29:05","slug":"bursa-toptan-bebek-giyim","status":"publish","type":"page","link":"https:\/\/cansinkidswear.com.tr\/?page_id=966","title":{"rendered":"Bursa Toptan Bebek Giyim"},"content":{"rendered":"\t\t<div data-elementor-type=\"wp-page\" data-elementor-id=\"966\" class=\"elementor elementor-966\">\n\t\t\t\t<div class=\"wd-negative-gap elementor-element elementor-element-431dad1c wd-section-stretch e-flex e-con-boxed e-con e-parent\" data-id=\"431dad1c\" data-element_type=\"container\" data-settings=\"{&quot;background_background&quot;:&quot;classic&quot;}\">\n\t\t\t\t\t<div class=\"e-con-inner\">\n\t\t<div class=\"elementor-element elementor-element-609b9fec e-con-full e-flex e-con e-child\" data-id=\"609b9fec\" data-element_type=\"container\">\n\t\t<div class=\"elementor-element elementor-element-5d426f2e e-con-full e-flex e-con e-child\" data-id=\"5d426f2e\" data-element_type=\"container\">\n\t\t\t\t<div class=\"elementor-element elementor-element-4b2975e8 elementor-widget__width-auto elementor-widget elementor-widget-wd_text_block\" data-id=\"4b2975e8\" data-element_type=\"widget\" data-widget_type=\"wd_text_block.default\">\n\t\t\t\t<div class=\"elementor-widget-container\">\n\t\t\t\t\t\t\t\t<link rel=\"stylesheet\" id=\"wd-text-block-css\" href=\"https:\/\/cansinkidswear.com.tr\/wp-content\/themes\/woodmart\/css\/parts\/el-text-block.min.css?ver=7.6.0\" type=\"text\/css\" media=\"all\" \/> \t\t\t\t\t<div class=\"wd-text-block reset-last-child text-left color-title\">\n\t\t\t\n\t\t\t<p>Toptan Bebek Giyim<\/p>\n\t\t\t\t\t<\/div>\n\t\t\t\t\t\t<\/div>\n\t\t\t\t<\/div>\n\t\t\t\t<div class=\"elementor-element elementor-element-1a86452f elementor-widget__width-auto elementor-widget-tablet__width-initial elementor-hidden-mobile elementor-widget elementor-widget-wd_image_or_svg\" data-id=\"1a86452f\" data-element_type=\"widget\" data-widget_type=\"wd_image_or_svg.default\">\n\t\t\t\t<div class=\"elementor-widget-container\">\n\t\t\t\t\t\n\t\t<div class=\"wd-image text-left\">\n\t\t\t\t\t\t\t\t<img decoding=\"async\"  src=\"https:\/\/cansinkidswear.com.tr\/wp-content\/uploads\/2025\/08\/ps-bold-static-star.svg\" title=\"ps-bold-static-star.svg\" width=\"82\" height=\"82\">\t\t\t\t\t<\/div>\n\n\t\t\t\t\t\t<\/div>\n\t\t\t\t<\/div>\n\t\t\t\t<\/div>\n\t\t\t\t<div class=\"elementor-element elementor-element-672b49c6 elementor-widget-divider--view-line elementor-widget elementor-widget-divider\" data-id=\"672b49c6\" data-element_type=\"widget\" data-widget_type=\"divider.default\">\n\t\t\t\t\t\t\t<div class=\"elementor-divider\">\n\t\t\t<span class=\"elementor-divider-separator\">\n\t\t\t\t\t\t<\/span>\n\t\t<\/div>\n\t\t\t\t\t\t<\/div>\n\t\t\t\t<div class=\"elementor-element elementor-element-4bbcd7d0 elementor-hidden-tablet elementor-hidden-mobile elementor-widget elementor-widget-wd_text_block\" data-id=\"4bbcd7d0\" data-element_type=\"widget\" data-widget_type=\"wd_text_block.default\">\n\t\t\t\t<div class=\"elementor-widget-container\">\n\t\t\t\t\t\t\t<div class=\"wd-text-block reset-last-child text-left\">\n\t\t\t\n\t\t\t<p data-start=\"116\" data-end=\"440\">T\u00fcrkiye\u2019nin tekstil ba\u015fkenti olarak bilinen Bursa, <strong data-start=\"167\" data-end=\"189\">toptan bebek giyim<\/strong> sekt\u00f6r\u00fcnde hem \u00fcretim hem de ihracat g\u00fcc\u00fcyle \u00f6ne \u00e7\u0131kmaktad\u0131r. Sa\u011fl\u0131kl\u0131 kuma\u015flardan \u00fcretilen, bebek cildine zarar vermeyen ve konforlu tasar\u0131mlar, Bursa\u2019n\u0131n g\u00fc\u00e7l\u00fc tekstil altyap\u0131s\u0131 sayesinde hem yurti\u00e7inde hem de yurtd\u0131\u015f\u0131nda yo\u011fun talep g\u00f6rmektedir.<\/p><p data-start=\"442\" data-end=\"764\">Bursa toptan bebek giyim \u00fcr\u00fcnleri; mevsimlik koleksiyonlardan \u00f6zel tasar\u0131mlara, g\u00fcnl\u00fck k\u0131yafetlerden \u015f\u0131k kombinlere kadar geni\u015f bir yelpazeye sahiptir. Kalite standartlar\u0131n\u0131n y\u00fcksek olu\u015fu, uygun fiyat avantajlar\u0131 ve h\u0131zl\u0131 tedarik s\u00fcre\u00e7leri sayesinde, ma\u011fazalar ve bayiler i\u00e7in g\u00fcvenilir bir ticaret imk\u00e2n\u0131 sunulmaktad\u0131r.<\/p><p data-start=\"766\" data-end=\"1002\">Hem modern tasar\u0131mlar\u0131 hem de dayan\u0131kl\u0131 yap\u0131s\u0131yla \u00f6ne \u00e7\u0131kan <strong data-start=\"826\" data-end=\"862\">Bursa toptan bebek giyim sekt\u00f6r\u00fc<\/strong>, i\u015f ortaklar\u0131na kazan\u00e7l\u0131 bir i\u015f modeli sunarken, ebeveynlerin de bebekleri i\u00e7in g\u00fcvenle tercih etti\u011fi \u00fcr\u00fcnleri piyasaya kazand\u0131rmaktad\u0131r.<\/p>\n\t\t\t\t\t<\/div>\n\t\t\t\t\t\t<\/div>\n\t\t\t\t<\/div>\n\t\t\t\t<\/div>\n\t\t<div class=\"elementor-element elementor-element-5fce5150 e-con-full e-flex e-con e-child\" data-id=\"5fce5150\" data-element_type=\"container\">\n\t\t\t\t<div class=\"elementor-element elementor-element-6614f46e elementor-widget elementor-widget-wd_image_or_svg\" data-id=\"6614f46e\" data-element_type=\"widget\" data-widget_type=\"wd_image_or_svg.default\">\n\t\t\t\t<div class=\"elementor-widget-container\">\n\t\t\t\t\t\n\t\t<div class=\"wd-image text-left\">\n\t\t\t\t\t\t\t\t<img fetchpriority=\"high\" decoding=\"async\" width=\"600\" height=\"816\" src=\"https:\/\/cansinkidswear.com.tr\/wp-content\/uploads\/2025\/08\/Adsiz-tasarim-2025-08-18T164229.772.png\" class=\"attachment-full size-full\" alt=\"\" srcset=\"https:\/\/cansinkidswear.com.tr\/wp-content\/uploads\/2025\/08\/Adsiz-tasarim-2025-08-18T164229.772.png 600w, https:\/\/cansinkidswear.com.tr\/wp-content\/uploads\/2025\/08\/Adsiz-tasarim-2025-08-18T164229.772-221x300.png 221w, https:\/\/cansinkidswear.com.tr\/wp-content\/uploads\/2025\/08\/Adsiz-tasarim-2025-08-18T164229.772-150x204.png 150w\" sizes=\"(max-width: 600px) 100vw, 600px\" \/>\t\t\t\t\t<\/div>\n\n\t\t\t\t\t\t<\/div>\n\t\t\t\t<\/div>\n\t\t\t\t<\/div>\n\t\t\t\t\t<\/div>\n\t\t\t\t<\/div>\n\t\t\t\t<\/div>\n\t\t","protected":false},"excerpt":{"rendered":"<p>Toptan Bebek Giyim T\u00fcrkiye\u2019nin tekstil ba\u015fkenti olarak bilinen Bursa, toptan bebek giyim sekt\u00f6r\u00fcnde hem \u00fcretim hem de ihracat g\u00fcc\u00fcyle \u00f6ne<\/p>\n","protected":false},"author":1,"featured_media":0,"parent":0,"menu_order":0,"comment_status":"closed","ping_status":"closed","template":"","meta":{"footnotes":""},"class_list":["post-966","page","type-page","status-publish","hentry"],"_links":{"self":[{"href":"https:\/\/cansinkidswear.com.tr\/index.php?rest_route=\/wp\/v2\/pages\/966","targetHints":{"allow":["GET"]}}],"collection":[{"href":"https:\/\/cansinkidswear.com.tr\/index.php?rest_route=\/wp\/v2\/pages"}],"about":[{"href":"https:\/\/cansinkidswear.com.tr\/index.php?rest_route=\/wp\/v2\/types\/page"}],"author":[{"embeddable":true,"href":"https:\/\/cansinkidswear.com.tr\/index.php?rest_route=\/wp\/v2\/users\/1"}],"replies":[{"embeddable":true,"href":"https:\/\/cansinkidswear.com.tr\/index.php?rest_route=%2Fwp%2Fv2%2Fcomments&post=966"}],"version-history":[{"count":7,"href":"https:\/\/cansinkidswear.com.tr\/index.php?rest_route=\/wp\/v2\/pages\/966\/revisions"}],"predecessor-version":[{"id":1032,"href":"https:\/\/cansinkidswear.com.tr\/index.php?rest_route=\/wp\/v2\/pages\/966\/revisions\/1032"}],"wp:attachment":[{"href":"https:\/\/cansinkidswear.com.tr\/index.php?rest_route=%2Fwp%2Fv2%2Fmedia&parent=966"}],"curies":[{"name":"wp","href":"https:\/\/api.w.org\/{rel}","templated":true}]}}