{"id":952,"date":"2025-08-18T13:35:11","date_gmt":"2025-08-18T13:35:11","guid":{"rendered":"https:\/\/cansinkidswear.com.tr\/?page_id=952"},"modified":"2025-08-18T14:28:26","modified_gmt":"2025-08-18T14:28:26","slug":"bursa-toptan-cocuk-giyim","status":"publish","type":"page","link":"https:\/\/cansinkidswear.com.tr\/?page_id=952","title":{"rendered":"Bursa Toptan \u00c7ocuk Giyim"},"content":{"rendered":"\t\t<div data-elementor-type=\"wp-page\" data-elementor-id=\"952\" class=\"elementor elementor-952\">\n\t\t\t\t<div class=\"wd-negative-gap elementor-element elementor-element-2479dd06 wd-section-stretch e-flex e-con-boxed e-con e-parent\" data-id=\"2479dd06\" data-element_type=\"container\" data-settings=\"{&quot;background_background&quot;:&quot;classic&quot;}\">\n\t\t\t\t\t<div class=\"e-con-inner\">\n\t\t<div class=\"elementor-element elementor-element-73132c4a e-con-full e-flex e-con e-child\" data-id=\"73132c4a\" data-element_type=\"container\">\n\t\t<div class=\"elementor-element elementor-element-f35858d e-con-full e-flex e-con e-child\" data-id=\"f35858d\" data-element_type=\"container\">\n\t\t\t\t<div class=\"elementor-element elementor-element-77886a1c elementor-widget__width-auto elementor-widget elementor-widget-wd_text_block\" data-id=\"77886a1c\" data-element_type=\"widget\" data-widget_type=\"wd_text_block.default\">\n\t\t\t\t<div class=\"elementor-widget-container\">\n\t\t\t\t\t\t\t\t<link rel=\"stylesheet\" id=\"wd-text-block-css\" href=\"https:\/\/cansinkidswear.com.tr\/wp-content\/themes\/woodmart\/css\/parts\/el-text-block.min.css?ver=7.6.0\" type=\"text\/css\" media=\"all\" \/> \t\t\t\t\t<div class=\"wd-text-block reset-last-child text-left color-title\">\n\t\t\t\n\t\t\t<p>Toptan \u00c7ocuk Giyim<\/p>\n\t\t\t\t\t<\/div>\n\t\t\t\t\t\t<\/div>\n\t\t\t\t<\/div>\n\t\t\t\t<div class=\"elementor-element elementor-element-6ba88fb7 elementor-widget__width-auto elementor-widget-tablet__width-initial elementor-hidden-mobile elementor-widget elementor-widget-wd_image_or_svg\" data-id=\"6ba88fb7\" data-element_type=\"widget\" data-widget_type=\"wd_image_or_svg.default\">\n\t\t\t\t<div class=\"elementor-widget-container\">\n\t\t\t\t\t\n\t\t<div class=\"wd-image text-left\">\n\t\t\t\t\t\t\t\t<img decoding=\"async\"  src=\"https:\/\/cansinkidswear.com.tr\/wp-content\/uploads\/2025\/08\/ps-bold-static-star.svg\" title=\"ps-bold-static-star.svg\" width=\"82\" height=\"82\">\t\t\t\t\t<\/div>\n\n\t\t\t\t\t\t<\/div>\n\t\t\t\t<\/div>\n\t\t\t\t<\/div>\n\t\t\t\t<div class=\"elementor-element elementor-element-22377d58 elementor-widget-divider--view-line elementor-widget elementor-widget-divider\" data-id=\"22377d58\" data-element_type=\"widget\" data-widget_type=\"divider.default\">\n\t\t\t\t\t\t\t<div class=\"elementor-divider\">\n\t\t\t<span class=\"elementor-divider-separator\">\n\t\t\t\t\t\t<\/span>\n\t\t<\/div>\n\t\t\t\t\t\t<\/div>\n\t\t\t\t<div class=\"elementor-element elementor-element-3f656fe1 elementor-hidden-tablet elementor-hidden-mobile elementor-widget elementor-widget-wd_text_block\" data-id=\"3f656fe1\" data-element_type=\"widget\" data-widget_type=\"wd_text_block.default\">\n\t\t\t\t<div class=\"elementor-widget-container\">\n\t\t\t\t\t\t\t<div class=\"wd-text-block reset-last-child text-left\">\n\t\t\t\n\t\t\t<p data-start=\"116\" data-end=\"347\">Bursa, tekstil sekt\u00f6r\u00fcnde k\u00f6kl\u00fc ge\u00e7mi\u015fi ve g\u00fc\u00e7l\u00fc \u00fcretim altyap\u0131s\u0131 ile T\u00fcrkiye\u2019nin en \u00f6nemli merkezlerinden biridir. <strong data-start=\"232\" data-end=\"260\">Bursa toptan \u00e7ocuk giyim<\/strong> denildi\u011finde; kaliteli kuma\u015f, modern tasar\u0131m ve uygun fiyat bir arada sunulmaktad\u0131r.<\/p><p data-start=\"349\" data-end=\"641\">Bursa\u2019da \u00fcretilen bebek ve \u00e7ocuk giyim \u00fcr\u00fcnleri; cilt dostu, sa\u011fl\u0131kl\u0131 ve dayan\u0131kl\u0131 yap\u0131s\u0131yla hem yurti\u00e7inde hem de yurtd\u0131\u015f\u0131nda yo\u011fun talep g\u00f6rmektedir. \u015e\u0131kl\u0131\u011f\u0131 ve rahatl\u0131\u011f\u0131 bir arada sunan koleksiyonlar, toptan sat\u0131\u015f avantajlar\u0131yla ma\u011fazalar ve bayiler i\u00e7in b\u00fcy\u00fck f\u0131rsatlar olu\u015fturmaktad\u0131r.<\/p><p data-start=\"643\" data-end=\"921\">Her sezon yenilenen modeller, trendleri yakalayan tasar\u0131mlar ve geni\u015f \u00fcr\u00fcn yelpazesi sayesinde, <strong data-start=\"739\" data-end=\"775\">Bursa toptan \u00e7ocuk giyim sekt\u00f6r\u00fc<\/strong> i\u015f ortaklar\u0131na kazan\u00e7l\u0131 bir ticaret imk\u00e2n\u0131 sunar. Hem imalat hem de toptan sat\u0131\u015f g\u00fcc\u00fcyle Bursa, \u00e7ocuk giyiminde g\u00fcvenin ve kalitenin adresidir.<\/p>\n\t\t\t\t\t<\/div>\n\t\t\t\t\t\t<\/div>\n\t\t\t\t<\/div>\n\t\t\t\t<\/div>\n\t\t<div class=\"elementor-element elementor-element-d8c0393 e-con-full e-flex e-con e-child\" data-id=\"d8c0393\" data-element_type=\"container\">\n\t\t\t\t<div class=\"elementor-element elementor-element-775e43b3 elementor-widget elementor-widget-wd_image_or_svg\" data-id=\"775e43b3\" data-element_type=\"widget\" data-widget_type=\"wd_image_or_svg.default\">\n\t\t\t\t<div class=\"elementor-widget-container\">\n\t\t\t\t\t\n\t\t<div class=\"wd-image text-left\">\n\t\t\t\t\t\t\t\t<img fetchpriority=\"high\" decoding=\"async\" width=\"600\" height=\"816\" src=\"https:\/\/cansinkidswear.com.tr\/wp-content\/uploads\/2025\/08\/Adsiz-tasarim-2025-08-18T163922.677.png\" class=\"attachment-full size-full\" alt=\"\" srcset=\"https:\/\/cansinkidswear.com.tr\/wp-content\/uploads\/2025\/08\/Adsiz-tasarim-2025-08-18T163922.677.png 600w, https:\/\/cansinkidswear.com.tr\/wp-content\/uploads\/2025\/08\/Adsiz-tasarim-2025-08-18T163922.677-221x300.png 221w, https:\/\/cansinkidswear.com.tr\/wp-content\/uploads\/2025\/08\/Adsiz-tasarim-2025-08-18T163922.677-150x204.png 150w\" sizes=\"(max-width: 600px) 100vw, 600px\" \/>\t\t\t\t\t<\/div>\n\n\t\t\t\t\t\t<\/div>\n\t\t\t\t<\/div>\n\t\t\t\t<\/div>\n\t\t\t\t\t<\/div>\n\t\t\t\t<\/div>\n\t\t\t\t<\/div>\n\t\t","protected":false},"excerpt":{"rendered":"<p>Toptan \u00c7ocuk Giyim Bursa, tekstil sekt\u00f6r\u00fcnde k\u00f6kl\u00fc ge\u00e7mi\u015fi ve g\u00fc\u00e7l\u00fc \u00fcretim altyap\u0131s\u0131 ile T\u00fcrkiye\u2019nin en \u00f6nemli merkezlerinden biridir. Bursa toptan<\/p>\n","protected":false},"author":1,"featured_media":0,"parent":0,"menu_order":0,"comment_status":"closed","ping_status":"closed","template":"","meta":{"footnotes":""},"class_list":["post-952","page","type-page","status-publish","hentry"],"_links":{"self":[{"href":"https:\/\/cansinkidswear.com.tr\/index.php?rest_route=\/wp\/v2\/pages\/952","targetHints":{"allow":["GET"]}}],"collection":[{"href":"https:\/\/cansinkidswear.com.tr\/index.php?rest_route=\/wp\/v2\/pages"}],"about":[{"href":"https:\/\/cansinkidswear.com.tr\/index.php?rest_route=\/wp\/v2\/types\/page"}],"author":[{"embeddable":true,"href":"https:\/\/cansinkidswear.com.tr\/index.php?rest_route=\/wp\/v2\/users\/1"}],"replies":[{"embeddable":true,"href":"https:\/\/cansinkidswear.com.tr\/index.php?rest_route=%2Fwp%2Fv2%2Fcomments&post=952"}],"version-history":[{"count":10,"href":"https:\/\/cansinkidswear.com.tr\/index.php?rest_route=\/wp\/v2\/pages\/952\/revisions"}],"predecessor-version":[{"id":1029,"href":"https:\/\/cansinkidswear.com.tr\/index.php?rest_route=\/wp\/v2\/pages\/952\/revisions\/1029"}],"wp:attachment":[{"href":"https:\/\/cansinkidswear.com.tr\/index.php?rest_route=%2Fwp%2Fv2%2Fmedia&parent=952"}],"curies":[{"name":"wp","href":"https:\/\/api.w.org\/{rel}","templated":true}]}}