{"id":588,"date":"2023-06-15T12:32:54","date_gmt":"2023-06-15T12:32:54","guid":{"rendered":"https:\/\/dummy.xtemos.com\/woodmart2\/kids-elementor\/?page_id=12"},"modified":"2025-08-18T14:22:08","modified_gmt":"2025-08-18T14:22:08","slug":"home-kids","status":"publish","type":"page","link":"https:\/\/cansinkidswear.com.tr\/","title":{"rendered":"Home Kids"},"content":{"rendered":"\t\t<div data-elementor-type=\"wp-page\" data-elementor-id=\"588\" class=\"elementor elementor-588\">\n\t\t\t\t<div class=\"wd-negative-gap elementor-element elementor-element-42c9694 e-flex e-con-boxed e-con e-parent\" data-id=\"42c9694\" data-element_type=\"container\">\n\t\t\t\t\t<div class=\"e-con-inner\">\n\t\t\t\t<div class=\"elementor-element elementor-element-f028449 elementor-widget elementor-widget-wd_slider\" data-id=\"f028449\" data-element_type=\"widget\" data-widget_type=\"wd_slider.default\">\n\t\t\t\t<div class=\"elementor-widget-container\">\n\t\t\t\t\t\t\t\t<link rel=\"stylesheet\" id=\"wd-swiper-css\" href=\"https:\/\/cansinkidswear.com.tr\/wp-content\/themes\/woodmart\/css\/parts\/lib-swiper.min.css?ver=7.6.0\" type=\"text\/css\" media=\"all\" \/> \t\t\t\t\t\t<link rel=\"stylesheet\" id=\"wd-slider-css\" href=\"https:\/\/cansinkidswear.com.tr\/wp-content\/themes\/woodmart\/css\/parts\/el-slider.min.css?ver=7.6.0\" type=\"text\/css\" media=\"all\" \/> \t\t\t\t\t\t<link rel=\"stylesheet\" id=\"wd-slider-dots-style-3-css\" href=\"https:\/\/cansinkidswear.com.tr\/wp-content\/themes\/woodmart\/css\/parts\/el-slider-dots-style-3.min.css?ver=7.6.0\" type=\"text\/css\" media=\"all\" \/> \t\t\t<div class=\"woodmart-request-credentials\"><\/div>\t\t\t<style id=\"wd-style-term-52-css\" data-type=\"wd-style-term-52\">\n\t\t\t\t#slider-52 .wd-slide {\n\tmin-height: 720px;\n}\n\n@media (max-width: 1024px) {\n\t#slider-52 .wd-slide {\n\t\tmin-height: 500px;\n\t}\n}\n\n@media (max-width: 768px) {\n\t#slider-52 .wd-slide {\n\t\tmin-height: 500px;\n\t}\n}\n\t\t\t<\/style>\n\t\t\t<style>\t\t\t\t\t\t\t#slide-319 .wd-slide-container {\n\t\t\t\t\t\t\t\t\t\t--wd-align-items: flex-end;\n\t\t\t\t\t\t\t\t\t\t\t\t\t\t\t--wd-justify-content: left;\n\t\t\t\t\t\t\t\t\t}\n\t\t\t\t\t\t\t\t#slide-319.woodmart-loaded .wd-slide-bg {\n\t\t\t\tbackground-image:url(https:\/\/cansinkidswear.com.tr\/wp-content\/uploads\/2023\/06\/Adsiz-tasarim-2025-08-18T171852.786.png);\t\t\t\t}\n\n\t\t\t\t#slide-319 .wd-slide-bg {\n\t\t\t\tbackground-color:rgb(139,131,128);\t\t\t\tbackground-size:cover;\n\t\t\t\t\t\t\t\t\t\tbackground-position:center center;\t\t\t\t\t\t\t\t\t}\n\n\t\t\t\t\t\t\t\t\t#slide-319 .wd-slide-inner {\n\t\t\t\t\t\tmax-width:800px;\t\t\t\t\t}\n\t\t\t\t\n\t\t\t\t@media (max-width: 1024px) {\n\t\t\t\t\n\t\t\t\t\n\t\t\t\t\t\t\t\t\t\t#slide-319 .wd-slide-inner {\n\t\t\t\t\t\t\tmax-width:800px;\t\t\t\t\t\t}\n\t\t\t\t\t\n\t\t\t\t\t#slide-319 .wd-slide-bg {\n\t\t\t\t\t\t\t\t\t\t\t\t\t\t\t\t\t\t\n\t\t\t\t\t\t\t\t\t\t\t\t\t\t\t\t\t\t\t\t\t\t\t}\n\t\t\t\t}\n\n\t\t\t\t@media (max-width: 768px) {\n\t\t\t\t\n\t\t\t\t\n\t\t\t\t\t\t\t\t\t\t#slide-319 .wd-slide-inner {\n\t\t\t\t\t\t\tmax-width:500px;\t\t\t\t\t\t}\n\t\t\t\t\t\n\t\t\t\t\t#slide-319 .wd-slide-bg {\n\t\t\t\t\t\t\t\t\t\t\t\t\t\t\t\t\t\t\n\t\t\t\t\t\t\t\t\t\t\t\t\t\t\t\t\t\t\t\t\t\t\t}\n\t\t\t\t}\n\n\t\t\t\t\n\t\t\t\t\t\t\t\t\t\t\t\t\t\t\t#slide-324 .wd-slide-container {\n\t\t\t\t\t\t\t\t\t\t--wd-align-items: flex-end;\n\t\t\t\t\t\t\t\t\t\t\t\t\t\t\t--wd-justify-content: left;\n\t\t\t\t\t\t\t\t\t}\n\t\t\t\t\t\t\t\t#slide-324.woodmart-loaded .wd-slide-bg {\n\t\t\t\tbackground-image:url(https:\/\/cansinkidswear.com.tr\/wp-content\/uploads\/2023\/06\/Adsiz-tasarim-2025-08-18T172322.789.png);\t\t\t\t}\n\n\t\t\t\t#slide-324 .wd-slide-bg {\n\t\t\t\tbackground-color:rgb(139,131,128);\t\t\t\tbackground-size:cover;\n\t\t\t\t\t\t\t\t\t\tbackground-position:center center;\t\t\t\t\t\t\t\t\t}\n\n\t\t\t\t\t\t\t\t\t#slide-324 .wd-slide-inner {\n\t\t\t\t\t\tmax-width:800px;\t\t\t\t\t}\n\t\t\t\t\n\t\t\t\t@media (max-width: 1024px) {\n\t\t\t\t\n\t\t\t\t\n\t\t\t\t\t\t\t\t\t\t#slide-324 .wd-slide-inner {\n\t\t\t\t\t\t\tmax-width:800px;\t\t\t\t\t\t}\n\t\t\t\t\t\n\t\t\t\t\t#slide-324 .wd-slide-bg {\n\t\t\t\t\t\t\t\t\t\t\t\t\t\t\t\t\t\t\n\t\t\t\t\t\t\t\t\t\t\t\t\t\t\t\t\t\t\t\t\t\t\t}\n\t\t\t\t}\n\n\t\t\t\t@media (max-width: 768px) {\n\t\t\t\t\n\t\t\t\t\n\t\t\t\t\t\t\t\t\t\t#slide-324 .wd-slide-inner {\n\t\t\t\t\t\t\tmax-width:500px;\t\t\t\t\t\t}\n\t\t\t\t\t\n\t\t\t\t\t#slide-324 .wd-slide-bg {\n\t\t\t\t\t\t\t\t\t\t\t\t\t\t\t\t\t\t\n\t\t\t\t\t\t\t\t\t\t\t\t\t\t\t\t\t\t\t\t\t\t\t}\n\t\t\t\t}\n\n\t\t\t\t\n\t\t\t\t\t\t\t\t\t\t\t\t\t\t\t#slide-330 .wd-slide-container {\n\t\t\t\t\t\t\t\t\t\t--wd-align-items: flex-end;\n\t\t\t\t\t\t\t\t\t\t\t\t\t\t\t--wd-justify-content: left;\n\t\t\t\t\t\t\t\t\t}\n\t\t\t\t\t\t\t\t#slide-330.woodmart-loaded .wd-slide-bg {\n\t\t\t\tbackground-image:url(https:\/\/cansinkidswear.com.tr\/wp-content\/uploads\/2023\/06\/Adsiz-tasarim-2025-08-18T172547.832.png);\t\t\t\t}\n\n\t\t\t\t#slide-330 .wd-slide-bg {\n\t\t\t\tbackground-color:rgb(139,131,128);\t\t\t\tbackground-size:cover;\n\t\t\t\t\t\t\t\t\t\tbackground-position:center center;\t\t\t\t\t\t\t\t\t}\n\n\t\t\t\t\t\t\t\t\t#slide-330 .wd-slide-inner {\n\t\t\t\t\t\tmax-width:800px;\t\t\t\t\t}\n\t\t\t\t\n\t\t\t\t@media (max-width: 1024px) {\n\t\t\t\t\n\t\t\t\t\n\t\t\t\t\t\t\t\t\t\t#slide-330 .wd-slide-inner {\n\t\t\t\t\t\t\tmax-width:800px;\t\t\t\t\t\t}\n\t\t\t\t\t\n\t\t\t\t\t#slide-330 .wd-slide-bg {\n\t\t\t\t\t\t\t\t\t\t\t\t\t\t\t\t\t\t\n\t\t\t\t\t\t\t\t\t\t\t\t\t\t\t\t\t\t\t\t\t\t\t}\n\t\t\t\t}\n\n\t\t\t\t@media (max-width: 768px) {\n\t\t\t\t\n\t\t\t\t\n\t\t\t\t\t\t\t\t\t\t#slide-330 .wd-slide-inner {\n\t\t\t\t\t\t\tmax-width:500px;\t\t\t\t\t\t}\n\t\t\t\t\t\n\t\t\t\t\t#slide-330 .wd-slide-bg {\n\t\t\t\t\t\t\t\t\t\t\t\t\t\t\t\t\t\t\n\t\t\t\t\t\t\t\t\t\t\t\t\t\t\t\t\t\t\t\t\t\t\t}\n\t\t\t\t}\n\n\t\t\t\t\n\t\t\t\t\t\t\t\t<\/style>\n\t\t<div id=\"slider-52\" data-id=\"52\" class=\"wd-slider wd-carousel-container wd-anim-parallax wd-section-stretch\">\n\t\t\t<div class=\"wd-carousel-inner\">\n\t\t\t\t<div class=\"wd-carousel wd-grid\" data-speed=\"2800\" data-wrap=\"yes\" data-autoplay=\"yes\" data-autoheight=\"yes\" data-scroll_per_page=\"yes\" data-sliding_speed=\"700\" data-effect=\"parallax\" style=\"--wd-col-lg:1;--wd-col-md:1;--wd-col-sm:1;\">\n\t\t\t\t\t<div class=\"wd-carousel-wrap \">\n\t\t\t\t\t\t\t\t\t\t\t\t\t\t\t\t\t\t\t\t<div id=\"slide-319\" class=\"wd-slide wd-carousel-item woodmart-loaded\" >\n\t\t\t\t\t\t\t\t\t\t\t\t\t\t\t\t<div class=\"container wd-slide-container content-fixed\">\n\t\t\t\t\t\t\t\t\t<div class=\"wd-slide-inner \">\n\t\t\t\t\t\t\t\t\t\t\t\t\t\t\t\t\t\t\t\t\t<style>.elementor-319 .elementor-element.elementor-element-66c2611{--display:flex;--gap:0px 0px;--row-gap:0px;--column-gap:0px;--margin-top:0px;--margin-bottom:60px;--margin-left:0px;--margin-right:0px;}.elementor-319 .elementor-element.elementor-element-aeba234 > .elementor-widget-container{margin:0px 0px 20px 0px;}.elementor-319 .elementor-element.elementor-element-aeba234 .title-after_title, .elementor-319 .elementor-element.elementor-element-aeba234 .title-subtitle, .elementor-319 .elementor-element.elementor-element-aeba234 .woodmart-title-container{max-width:685px;}.elementor-319 .elementor-element.elementor-element-aeba234 .title{font-size:64px;}.elementor-319 .elementor-element.elementor-element-5ddebb3 > .elementor-widget-container{margin:0px 0px 30px 0px;}.elementor-319 .elementor-element.elementor-element-5ddebb3 .wd-text-block{max-width:560px;font-size:18px;}@media(max-width:1024px){.elementor-319 .elementor-element.elementor-element-aeba234 .title-after_title, .elementor-319 .elementor-element.elementor-element-aeba234 .title-subtitle, .elementor-319 .elementor-element.elementor-element-aeba234 .woodmart-title-container{max-width:450px;}.elementor-319 .elementor-element.elementor-element-aeba234 .title{font-size:38px;}.elementor-319 .elementor-element.elementor-element-5ddebb3 .wd-text-block{max-width:490px;font-size:16px;}}@media(max-width:768px){.elementor-319 .elementor-element.elementor-element-aeba234 .title{font-size:28px;}}<\/style>\t\t<div data-elementor-type=\"wp-post\" data-elementor-id=\"319\" class=\"elementor elementor-319\">\n\t\t\t\t<div class=\"wd-negative-gap elementor-element elementor-element-66c2611 e-flex e-con-boxed e-con e-parent\" data-id=\"66c2611\" data-element_type=\"container\">\n\t\t\t\t\t<div class=\"e-con-inner\">\n\t\t\t\t\t<link rel=\"stylesheet\" id=\"wd-animations-css\" href=\"https:\/\/cansinkidswear.com.tr\/wp-content\/themes\/woodmart\/css\/parts\/mod-animations-transform.min.css?ver=7.6.0\" type=\"text\/css\" media=\"all\" \/> \t\t\t\t\t<div class=\"elementor-element elementor-element-aeba234 wd-animation-slide-from-bottom wd_delay_300 wd-width-100 wd-animation-normal elementor-widget elementor-widget-wd_title\" data-id=\"aeba234\" data-element_type=\"widget\" data-widget_type=\"wd_title.default\">\n\t\t\t\t<div class=\"elementor-widget-container\">\n\t\t\t\t\t\t\t\t<link rel=\"stylesheet\" id=\"wd-section-title-css\" href=\"https:\/\/cansinkidswear.com.tr\/wp-content\/themes\/woodmart\/css\/parts\/el-section-title.min.css?ver=7.6.0\" type=\"text\/css\" media=\"all\" \/> \t\t\t\t\t<div class=\"title-wrapper set-mb-s reset-last-child wd-title-color-white wd-title-style-default wd-title-size-default text-center\">\n\n\t\t\t\n\t\t\t<div class=\"liner-continer\">\n\t\t\t\t<h4 class=\"woodmart-title-container title wd-fontsize-l\">Miniklere B\u00fcy\u00fck Konfor, Cans\u0131n Kids\u2019te!<\/h4> \n\t\t\t\t\t\t\t<\/div>\n\n\t\t\t\t\t<\/div>\n\t\t\t\t\t\t<\/div>\n\t\t\t\t<\/div>\n\t\t\t\t<div class=\"elementor-element elementor-element-5ddebb3 wd-animation-slide-from-bottom wd_delay_400 wd-animation-normal elementor-widget elementor-widget-wd_text_block\" data-id=\"5ddebb3\" data-element_type=\"widget\" data-widget_type=\"wd_text_block.default\">\n\t\t\t\t<div class=\"elementor-widget-container\">\n\t\t\t\t\t\t\t\t<link rel=\"stylesheet\" id=\"wd-text-block-css\" href=\"https:\/\/cansinkidswear.com.tr\/wp-content\/themes\/woodmart\/css\/parts\/el-text-block.min.css?ver=7.6.0\" type=\"text\/css\" media=\"all\" \/> \t\t\t\t\t<div class=\"wd-text-block reset-last-child text-left color-scheme-light\">\n\t\t\t\n\t\t\t\n\t\t\t\t\t<\/div>\n\t\t\t\t\t\t<\/div>\n\t\t\t\t<\/div>\n\t\t\t\t<div class=\"elementor-element elementor-element-db93bc5 wd-animation-slide-from-bottom wd_delay_500 wd-animation-normal elementor-widget elementor-widget-wd_button\" data-id=\"db93bc5\" data-element_type=\"widget\" data-widget_type=\"wd_button.default\">\n\t\t\t\t<div class=\"elementor-widget-container\">\n\t\t\t\t\t\t\t<div class=\"wd-button-wrapper text-center\" >\n\t\t\t<a class=\"btn btn-style-default btn-style-semi-round btn-size-default btn-color-primary btn-icon-pos-right\"  href=\"tel:0541%20367%2078%2008\">\n\t\t\t\t<span class=\"wd-btn-text\" data-elementor-setting-key=\"text\">\n\t\t\t\t\t0(541) 367 78 08\t\t\t\t<\/span>\n\n\t\t\t\t\t\t\t<\/a>\n\t\t<\/div>\n\t\t\t\t\t\t<\/div>\n\t\t\t\t<\/div>\n\t\t\t\t\t<\/div>\n\t\t\t\t<\/div>\n\t\t\t\t<\/div>\n\t\t\t\t\t\t\t\t\t\t\t\t\t\t\t\t\t\t\t\t\t<\/div>\n\t\t\t\t\t\t\t\t<\/div>\n\n\t\t\t\t\t\t\t\t<div class=\"wd-slide-bg wd-fill\"><\/div>\n\n\t\t\t\t\t\t\t\t\t\t\t\t\t\t\t<\/div>\n\n\t\t\t\t\t\t\t\t\t\t\t\t\t\t\t\t\t\t\t\t\t\t\t\t\t\t\t\t\t\t\t\t\t\t\t\t\t\t\t\t\t\t<div id=\"slide-324\" class=\"wd-slide wd-carousel-item\" >\n\t\t\t\t\t\t\t\t\t\t\t\t\t\t\t\t<div class=\"container wd-slide-container content-fixed\">\n\t\t\t\t\t\t\t\t\t<div class=\"wd-slide-inner \">\n\t\t\t\t\t\t\t\t\t\t\t\t\t\t\t\t\t\t\t\t\t\t\t\t\t\t\t\t\t\t\t\t\t\t\t\t\t\t\t\t<\/div>\n\t\t\t\t\t\t\t\t<\/div>\n\n\t\t\t\t\t\t\t\t<div class=\"wd-slide-bg wd-fill\"><\/div>\n\n\t\t\t\t\t\t\t\t\t\t\t\t\t\t\t<\/div>\n\n\t\t\t\t\t\t\t\t\t\t\t\t\t\t\t\t\t\t\t\t\t\t\t\t\t\t\t<div id=\"slide-330\" class=\"wd-slide wd-carousel-item\" >\n\t\t\t\t\t\t\t\t\t\t\t\t\t\t\t\t<div class=\"container wd-slide-container content-fixed\">\n\t\t\t\t\t\t\t\t\t<div class=\"wd-slide-inner \">\n\t\t\t\t\t\t\t\t\t\t\t\t\t\t\t\t\t\t\t\t\t\t\t\t\t\t\t\t\t\t\t\t\t\t\t\t\t\t\t\t<\/div>\n\t\t\t\t\t\t\t\t<\/div>\n\n\t\t\t\t\t\t\t\t<div class=\"wd-slide-bg wd-fill\"><\/div>\n\n\t\t\t\t\t\t\t\t\t\t\t\t\t\t\t<\/div>\n\n\t\t\t\t\t\t\t\t\t\t\t\t\t\t\t\t\t\t<\/div>\n\t\t\t\t<\/div>\n\n\t\t\t\t\t\t\t\t\t\t\t\t<link rel=\"stylesheet\" id=\"wd-swiper-arrows-css\" href=\"https:\/\/cansinkidswear.com.tr\/wp-content\/themes\/woodmart\/css\/parts\/lib-swiper-arrows.min.css?ver=7.6.0\" type=\"text\/css\" media=\"all\" \/> \t\t\t\t\t\t\t\t<div class=\"wd-nav-arrows wd-slider-arrows wd-custom-style wd-style-1 wd-pos-sep color-scheme-light\">\n\t\t\t\t\t\t<div class=\"wd-btn-arrow wd-prev\">\n\t\t\t\t\t\t\t<div class=\"wd-arrow-inner\"><\/div>\n\t\t\t\t\t\t<\/div>\n\t\t\t\t\t\t<div class=\"wd-btn-arrow wd-next\">\n\t\t\t\t\t\t\t<div class=\"wd-arrow-inner\"><\/div>\n\t\t\t\t\t\t<\/div>\n\t\t\t\t\t<\/div>\n\t\t\t\t\t\t\t<\/div>\n\n\t\t\t\t\t\t\t\t\t\t<link rel=\"stylesheet\" id=\"wd-swiper-pagin-css\" href=\"https:\/\/cansinkidswear.com.tr\/wp-content\/themes\/woodmart\/css\/parts\/lib-swiper-pagin.min.css?ver=7.6.0\" type=\"text\/css\" media=\"all\" \/> \t\t\t\t\t\t\t<div class=\"wd-nav-pagin-wrap wd-slider-pagin wd-custom-style wd-style-shape-3 text-center color-scheme-light\">\n\t\t\t\t\t<ul class=\"wd-nav-pagin\"><\/ul>\n\t\t\t\t<\/div>\n\t\t\t\t\t<\/div>\n\n\n\t\t\t\t\t\t\t\t\t<\/div>\n\t\t\t\t<\/div>\n\t\t\t\t\t<\/div>\n\t\t\t\t<\/div>\n\t\t<div class=\"wd-negative-gap elementor-element elementor-element-9f4cb0f e-flex e-con-boxed e-con e-parent\" data-id=\"9f4cb0f\" data-element_type=\"container\">\n\t\t\t\t\t<div class=\"e-con-inner\">\n\t\t<div class=\"elementor-element elementor-element-3bc887b e-con-full e-flex e-con e-child\" data-id=\"3bc887b\" data-element_type=\"container\" data-settings=\"{&quot;background_background&quot;:&quot;classic&quot;}\">\n\t\t\t\t<\/div>\n\t\t<div class=\"elementor-element elementor-element-8215a24 e-con-full e-flex e-con e-child\" data-id=\"8215a24\" data-element_type=\"container\" data-settings=\"{&quot;background_background&quot;:&quot;classic&quot;}\">\n\t\t\t\t<div class=\"elementor-element elementor-element-b67cea4 wd-width-100 elementor-widget elementor-widget-wd_title\" data-id=\"b67cea4\" data-element_type=\"widget\" data-widget_type=\"wd_title.default\">\n\t\t\t\t<div class=\"elementor-widget-container\">\n\t\t\t\t\t\t\t<div class=\"title-wrapper set-mb-s reset-last-child wd-title-color-primary wd-title-style-default wd-title-size-extra-large text-center\">\n\n\t\t\t\t\t\t\t<div class=\"title-subtitle subtitle-color-primary subtitle-style-default wd-fontsize-m\">\n\t\t\t\t\t Cans\u0131n Kids Wear\t\t\t\t<\/div>\n\t\t\t\n\t\t\t<div class=\"liner-continer\">\n\t\t\t\t<h4 class=\"woodmart-title-container title wd-fontsize-xxxl\">Organik Bebek Giyim'de Cans\u0131n Kids<\/h4> \n\t\t\t\t\t\t\t<\/div>\n\n\t\t\t\t\t\t\t<div class=\"title-after_title set-cont-mb-s reset-last-child wd-fontsize-s\">\n\t\t\t\t\t<p><strong>Cans\u0131n Kids<\/strong>, bebek ve \u00e7ocuk giyiminde kaliteyi, \u015f\u0131kl\u0131\u011f\u0131 ve konforu bir araya getiren toptan sat\u0131\u015f ma\u011fazas\u0131d\u0131r. Kuruldu\u011fumuz g\u00fcnden bu yana, en de\u011ferli varl\u0131klar\u0131m\u0131z olan \u00e7ocuklar\u0131m\u0131z i\u00e7in sa\u011fl\u0131kl\u0131, g\u00fcvenilir ve trend \u00fcr\u00fcnler sunmay\u0131 ilke edindik.<\/p><p>Her sezon yenilenen koleksiyonlar\u0131m\u0131zda; pamuklu ve do\u011fal kuma\u015flardan \u00fcretilmi\u015f, cilt dostu, modern tasar\u0131ml\u0131 \u00fcr\u00fcnleri uygun fiyatlarla m\u00fc\u015fterilerimize ula\u015ft\u0131r\u0131yoruz. Amac\u0131m\u0131z, hem bayilerimize hem de ebeveynlere g\u00fcvenilir ve avantajl\u0131 al\u0131\u015fveri\u015f imk\u00e2n\u0131 sunmakt\u0131r.<\/p>\t\t\t\t<\/div>\n\t\t\t\t\t<\/div>\n\t\t\t\t\t\t<\/div>\n\t\t\t\t<\/div>\n\t\t\t\t<div class=\"elementor-element elementor-element-15b0ded elementor-widget elementor-widget-wd_button\" data-id=\"15b0ded\" data-element_type=\"widget\" data-widget_type=\"wd_button.default\">\n\t\t\t\t<div class=\"elementor-widget-container\">\n\t\t\t\t\t\t\t<div class=\"wd-button-wrapper text-center\" >\n\t\t\t<a class=\"btn btn-style-default btn-style-semi-round btn-size-default btn-color-primary btn-icon-pos-left\"  href=\"tel:0541%20367%2078%2008\">\n\t\t\t\t<span class=\"wd-btn-text\" data-elementor-setting-key=\"text\">\n\t\t\t\t\tBize Ula\u015f\u0131n\t\t\t\t<\/span>\n\n\t\t\t\t\t\t\t\t\t<span class=\"wd-btn-icon\">\n\t\t\t\t\t\t<img decoding=\"async\"  src=\"https:\/\/cansinkidswear.com.tr\/wp-content\/uploads\/2023\/06\/bundle.svg\" title=\"bundle\" width=\"18\" height=\"18\">\t\t\t\t\t<\/span>\n\t\t\t\t\t\t\t<\/a>\n\t\t<\/div>\n\t\t\t\t\t\t<\/div>\n\t\t\t\t<\/div>\n\t\t\t\t<\/div>\n\t\t\t\t\t<\/div>\n\t\t\t\t<\/div>\n\t\t\t\t<section class=\"wd-negative-gap elementor-section elementor-top-section elementor-element elementor-element-2ffcb9be elementor-section-boxed elementor-section-height-default elementor-section-height-default\" data-id=\"2ffcb9be\" data-element_type=\"section\">\n\t\t\t\t\t\t<div class=\"elementor-container elementor-column-gap-default\">\n\t\t\t\t\t<div class=\"elementor-column elementor-col-50 elementor-top-column elementor-element elementor-element-afb7318\" data-id=\"afb7318\" data-element_type=\"column\">\n\t\t\t<div class=\"elementor-widget-wrap elementor-element-populated\">\n\t\t\t\t\t\t<div class=\"elementor-element elementor-element-48018787 elementor-widget elementor-widget-wd_banner\" data-id=\"48018787\" data-element_type=\"widget\" data-widget_type=\"wd_banner.default\">\n\t\t\t\t<div class=\"elementor-widget-container\">\n\t\t\t\t\t\t\t\t<link rel=\"stylesheet\" id=\"wd-banner-css\" href=\"https:\/\/cansinkidswear.com.tr\/wp-content\/themes\/woodmart\/css\/parts\/el-banner.min.css?ver=7.6.0\" type=\"text\/css\" media=\"all\" \/> \t\t\t\t\t\t<link rel=\"stylesheet\" id=\"wd-banner-style-bg-cont-css\" href=\"https:\/\/cansinkidswear.com.tr\/wp-content\/themes\/woodmart\/css\/parts\/el-banner-style-bg-cont.min.css?ver=7.6.0\" type=\"text\/css\" media=\"all\" \/> \t\t\t\t\t\t<link rel=\"stylesheet\" id=\"wd-banner-hover-zoom-css\" href=\"https:\/\/cansinkidswear.com.tr\/wp-content\/themes\/woodmart\/css\/parts\/el-banner-hover-zoom.min.css?ver=7.6.0\" type=\"text\/css\" media=\"all\" \/> \t\t\t\t\t<div class=\"promo-banner-wrapper\">\n\t\t\t<div class=\"promo-banner banner-content-background banner-hover-zoom color-scheme-light banner-btn-size-default banner-btn-style-link with-btn banner-btn-position-static wd-with-link\">\n\t\t\t\t<div class=\"main-wrapp-img\">\n\t\t\t\t\t<div class=\"banner-image\">\n\t\t\t\t\t\t\t\t\t\t\t\t\t\t\t\t\t\t\t\t\t<img fetchpriority=\"high\" decoding=\"async\" width=\"700\" height=\"557\" src=\"https:\/\/cansinkidswear.com.tr\/wp-content\/uploads\/2025\/08\/Adsiz-tasarim-2025-08-18T161455.660.png\" class=\"attachment-full size-full\" alt=\"\" srcset=\"https:\/\/cansinkidswear.com.tr\/wp-content\/uploads\/2025\/08\/Adsiz-tasarim-2025-08-18T161455.660.png 700w, https:\/\/cansinkidswear.com.tr\/wp-content\/uploads\/2025\/08\/Adsiz-tasarim-2025-08-18T161455.660-300x239.png 300w, https:\/\/cansinkidswear.com.tr\/wp-content\/uploads\/2025\/08\/Adsiz-tasarim-2025-08-18T161455.660-150x119.png 150w\" sizes=\"(max-width: 700px) 100vw, 700px\" \/>\t\t\t\t\t\t\t\t\t\t\t\t\t\t\t\t\t\t<\/div>\n\t\t\t\t<\/div>\n\n\t\t\t\t<div class=\"wrapper-content-banner wd-fill wd-items-bottom wd-justify-left\">\n\t\t\t\t\t<div class=\"content-banner  text-left\">\n\t\t\t\t\t\t\n\t\t\t\t\t\t\t\t\t\t\t\t\t<h4 class=\"banner-title wd-fontsize-l\" data-elementor-setting-key=\"title\">\n\t\t\t\t\t\t\t\tToptan \u00c7ocuk Giyim\t\t\t\t\t\t\t<\/h4>\n\t\t\t\t\t\t\n\t\t\t\t\t\t\n\t\t\t\t\t\t\n\t\t\t\t\t\t\t\t\t\t\t\t\t<div class=\"banner-btn-wrapper\">\n\t\t\t\t\t\t\t\t\t\t<div class=\"wd-button-wrapper text-left\" >\n\t\t\t<a class=\"btn btn-style-link btn-style- btn-size-default btn-color-white btn-icon-pos-right\"  href=\"https:\/\/cansinkidswear.com.tr\/?page_id=952\">\n\t\t\t\t<span class=\"wd-btn-text\" data-elementor-setting-key=\"text\">\n\t\t\t\t\t \t\t\t\t<\/span>\n\n\t\t\t\t\t\t\t<\/a>\n\t\t<\/div>\n\t\t\t\t\t\t\t\t\t<\/div>\n\t\t\t\t\t\t\t\t\t\t\t<\/div>\n\t\t\t\t<\/div>\n\n\t\t\t\t\t\t\t\t\t<a href=\"https:\/\/cansinkidswear.com.tr\/?page_id=952\" class=\"wd-promo-banner-link wd-fill\" aria-label=\"Banner link\"><\/a>\n\t\t\t\t\t\t\t<\/div>\n\t\t<\/div>\n\t\t\t\t\t\t<\/div>\n\t\t\t\t<\/div>\n\t\t\t\t\t<\/div>\n\t\t<\/div>\n\t\t\t\t<div class=\"elementor-column elementor-col-50 elementor-top-column elementor-element elementor-element-60d0752c\" data-id=\"60d0752c\" data-element_type=\"column\">\n\t\t\t<div class=\"elementor-widget-wrap elementor-element-populated\">\n\t\t\t\t\t\t<div class=\"elementor-element elementor-element-271c0037 elementor-widget elementor-widget-wd_banner\" data-id=\"271c0037\" data-element_type=\"widget\" data-widget_type=\"wd_banner.default\">\n\t\t\t\t<div class=\"elementor-widget-container\">\n\t\t\t\t\t\t\t<div class=\"promo-banner-wrapper\">\n\t\t\t<div class=\"promo-banner banner-content-background banner-hover-zoom color-scheme-light banner-btn-size-default banner-btn-style-link with-btn banner-btn-position-static wd-with-link\">\n\t\t\t\t<div class=\"main-wrapp-img\">\n\t\t\t\t\t<div class=\"banner-image\">\n\t\t\t\t\t\t\t\t\t\t\t\t\t\t\t\t\t\t\t\t\t<img decoding=\"async\" width=\"520\" height=\"282\" src=\"https:\/\/cansinkidswear.com.tr\/wp-content\/uploads\/2025\/08\/Adsiz-tasarim-2025-08-18T161404.243.png\" class=\"attachment-full size-full\" alt=\"\" srcset=\"https:\/\/cansinkidswear.com.tr\/wp-content\/uploads\/2025\/08\/Adsiz-tasarim-2025-08-18T161404.243.png 520w, https:\/\/cansinkidswear.com.tr\/wp-content\/uploads\/2025\/08\/Adsiz-tasarim-2025-08-18T161404.243-300x163.png 300w, https:\/\/cansinkidswear.com.tr\/wp-content\/uploads\/2025\/08\/Adsiz-tasarim-2025-08-18T161404.243-150x81.png 150w\" sizes=\"(max-width: 520px) 100vw, 520px\" \/>\t\t\t\t\t\t\t\t\t\t\t\t\t\t\t\t\t\t<\/div>\n\t\t\t\t<\/div>\n\n\t\t\t\t<div class=\"wrapper-content-banner wd-fill wd-items-bottom wd-justify-left\">\n\t\t\t\t\t<div class=\"content-banner  text-left\">\n\t\t\t\t\t\t\n\t\t\t\t\t\t\t\t\t\t\t\t\t<h4 class=\"banner-title wd-fontsize-s\" data-elementor-setting-key=\"title\">\n\t\t\t\t\t\t\t\tToptan Yeni Do\u011fan Seti\t\t\t\t\t\t\t<\/h4>\n\t\t\t\t\t\t\n\t\t\t\t\t\t\n\t\t\t\t\t\t\n\t\t\t\t\t\t\t\t\t\t\t\t\t<div class=\"banner-btn-wrapper\">\n\t\t\t\t\t\t\t\t\t\t<div class=\"wd-button-wrapper text-left\" >\n\t\t\t<a class=\"btn btn-style-link btn-style- btn-size-default btn-color-white btn-icon-pos-right\"  href=\"https:\/\/cansinkidswear.com.tr\/?page_id=979\">\n\t\t\t\t<span class=\"wd-btn-text\" data-elementor-setting-key=\"text\">\n\t\t\t\t\t \t\t\t\t<\/span>\n\n\t\t\t\t\t\t\t<\/a>\n\t\t<\/div>\n\t\t\t\t\t\t\t\t\t<\/div>\n\t\t\t\t\t\t\t\t\t\t\t<\/div>\n\t\t\t\t<\/div>\n\n\t\t\t\t\t\t\t\t\t<a href=\"https:\/\/cansinkidswear.com.tr\/?page_id=979\" class=\"wd-promo-banner-link wd-fill\" aria-label=\"Banner link\"><\/a>\n\t\t\t\t\t\t\t<\/div>\n\t\t<\/div>\n\t\t\t\t\t\t<\/div>\n\t\t\t\t<\/div>\n\t\t\t\t<div class=\"elementor-element elementor-element-36c2097 elementor-widget elementor-widget-wd_banner\" data-id=\"36c2097\" data-element_type=\"widget\" data-widget_type=\"wd_banner.default\">\n\t\t\t\t<div class=\"elementor-widget-container\">\n\t\t\t\t\t\t\t<div class=\"promo-banner-wrapper\">\n\t\t\t<div class=\"promo-banner banner-content-background banner-hover-zoom color-scheme-light banner-btn-size-default banner-btn-style-link with-btn banner-btn-position-static wd-with-link\">\n\t\t\t\t<div class=\"main-wrapp-img\">\n\t\t\t\t\t<div class=\"banner-image\">\n\t\t\t\t\t\t\t\t\t\t\t\t\t\t\t\t\t\t\t\t\t<img loading=\"lazy\" decoding=\"async\" width=\"520\" height=\"282\" src=\"https:\/\/cansinkidswear.com.tr\/wp-content\/uploads\/2025\/08\/Adsiz-tasarim-2025-08-18T161629.724.png\" class=\"attachment-full size-full\" alt=\"\" srcset=\"https:\/\/cansinkidswear.com.tr\/wp-content\/uploads\/2025\/08\/Adsiz-tasarim-2025-08-18T161629.724.png 520w, https:\/\/cansinkidswear.com.tr\/wp-content\/uploads\/2025\/08\/Adsiz-tasarim-2025-08-18T161629.724-300x163.png 300w, https:\/\/cansinkidswear.com.tr\/wp-content\/uploads\/2025\/08\/Adsiz-tasarim-2025-08-18T161629.724-150x81.png 150w\" sizes=\"(max-width: 520px) 100vw, 520px\" \/>\t\t\t\t\t\t\t\t\t\t\t\t\t\t\t\t\t\t<\/div>\n\t\t\t\t<\/div>\n\n\t\t\t\t<div class=\"wrapper-content-banner wd-fill wd-items-bottom wd-justify-left\">\n\t\t\t\t\t<div class=\"content-banner  text-left\">\n\t\t\t\t\t\t\n\t\t\t\t\t\t\t\t\t\t\t\t\t<h4 class=\"banner-title wd-fontsize-l\" data-elementor-setting-key=\"title\">\n\t\t\t\t\t\t\t\tToptan Bebek Giyim\t\t\t\t\t\t\t<\/h4>\n\t\t\t\t\t\t\n\t\t\t\t\t\t\n\t\t\t\t\t\t\n\t\t\t\t\t\t\t\t\t\t\t\t\t<div class=\"banner-btn-wrapper\">\n\t\t\t\t\t\t\t\t\t\t<div class=\"wd-button-wrapper text-left\" >\n\t\t\t<a class=\"btn btn-style-link btn-style- btn-size-default btn-color-white btn-icon-pos-right\"  href=\"https:\/\/cansinkidswear.com.tr\/?page_id=966\">\n\t\t\t\t<span class=\"wd-btn-text\" data-elementor-setting-key=\"text\">\n\t\t\t\t\t \t\t\t\t<\/span>\n\n\t\t\t\t\t\t\t<\/a>\n\t\t<\/div>\n\t\t\t\t\t\t\t\t\t<\/div>\n\t\t\t\t\t\t\t\t\t\t\t<\/div>\n\t\t\t\t<\/div>\n\n\t\t\t\t\t\t\t\t\t<a href=\"https:\/\/cansinkidswear.com.tr\/?page_id=966\" class=\"wd-promo-banner-link wd-fill\" aria-label=\"Banner link\"><\/a>\n\t\t\t\t\t\t\t<\/div>\n\t\t<\/div>\n\t\t\t\t\t\t<\/div>\n\t\t\t\t<\/div>\n\t\t\t\t\t<\/div>\n\t\t<\/div>\n\t\t\t\t\t<\/div>\n\t\t<\/section>\n\t\t\t\t<\/div>\n\t\t","protected":false},"excerpt":{"rendered":"<p>Miniklere B\u00fcy\u00fck Konfor, Cans\u0131n Kids\u2019te! 0(541) 367 78 08 Cans\u0131n Kids Wear Organik Bebek Giyim&#8217;de Cans\u0131n Kids Cans\u0131n Kids, bebek<\/p>\n","protected":false},"author":1,"featured_media":0,"parent":0,"menu_order":0,"comment_status":"closed","ping_status":"closed","template":"","meta":{"footnotes":""},"class_list":["post-588","page","type-page","status-publish","hentry"],"_links":{"self":[{"href":"https:\/\/cansinkidswear.com.tr\/index.php?rest_route=\/wp\/v2\/pages\/588","targetHints":{"allow":["GET"]}}],"collection":[{"href":"https:\/\/cansinkidswear.com.tr\/index.php?rest_route=\/wp\/v2\/pages"}],"about":[{"href":"https:\/\/cansinkidswear.com.tr\/index.php?rest_route=\/wp\/v2\/types\/page"}],"author":[{"embeddable":true,"href":"https:\/\/cansinkidswear.com.tr\/index.php?rest_route=\/wp\/v2\/users\/1"}],"replies":[{"embeddable":true,"href":"https:\/\/cansinkidswear.com.tr\/index.php?rest_route=%2Fwp%2Fv2%2Fcomments&post=588"}],"version-history":[{"count":21,"href":"https:\/\/cansinkidswear.com.tr\/index.php?rest_route=\/wp\/v2\/pages\/588\/revisions"}],"predecessor-version":[{"id":1021,"href":"https:\/\/cansinkidswear.com.tr\/index.php?rest_route=\/wp\/v2\/pages\/588\/revisions\/1021"}],"wp:attachment":[{"href":"https:\/\/cansinkidswear.com.tr\/index.php?rest_route=%2Fwp%2Fv2%2Fmedia&parent=588"}],"curies":[{"name":"wp","href":"https:\/\/api.w.org\/{rel}","templated":true}]}}