{"id":405,"date":"2023-06-15T12:33:10","date_gmt":"2023-06-15T12:33:10","guid":{"rendered":"https:\/\/dummy.xtemos.com\/woodmart2\/kids-elementor\/?page_id=14"},"modified":"2025-08-18T13:31:31","modified_gmt":"2025-08-18T13:31:31","slug":"about-us","status":"publish","type":"page","link":"https:\/\/cansinkidswear.com.tr\/?page_id=405","title":{"rendered":"Hakk\u0131m\u0131zda"},"content":{"rendered":"\t\t<div data-elementor-type=\"wp-page\" data-elementor-id=\"405\" class=\"elementor elementor-405\">\n\t\t\t\t<div class=\"wd-negative-gap elementor-element elementor-element-38d1e6f e-flex e-con-boxed e-con e-parent\" data-id=\"38d1e6f\" data-element_type=\"container\">\n\t\t\t\t\t<div class=\"e-con-inner\">\n\t\t<div class=\"elementor-element elementor-element-c9ddb24 e-con-full e-flex e-con e-child\" data-id=\"c9ddb24\" data-element_type=\"container\">\n\t\t\t\t<div class=\"elementor-element elementor-element-6030832 elementor-widget elementor-widget-wd_image_or_svg\" data-id=\"6030832\" data-element_type=\"widget\" data-widget_type=\"wd_image_or_svg.default\">\n\t\t\t\t<div class=\"elementor-widget-container\">\n\t\t\t\t\t\n\t\t<div class=\"wd-image text-left\">\n\t\t\t\t\t\t\t\t<img fetchpriority=\"high\" decoding=\"async\" width=\"700\" height=\"557\" src=\"https:\/\/cansinkidswear.com.tr\/wp-content\/uploads\/2025\/08\/Adsiz-tasarim-2025-08-18T163117.751.png\" class=\"attachment-full size-full\" alt=\"\" srcset=\"https:\/\/cansinkidswear.com.tr\/wp-content\/uploads\/2025\/08\/Adsiz-tasarim-2025-08-18T163117.751.png 700w, https:\/\/cansinkidswear.com.tr\/wp-content\/uploads\/2025\/08\/Adsiz-tasarim-2025-08-18T163117.751-300x239.png 300w, https:\/\/cansinkidswear.com.tr\/wp-content\/uploads\/2025\/08\/Adsiz-tasarim-2025-08-18T163117.751-150x119.png 150w\" sizes=\"(max-width: 700px) 100vw, 700px\" \/>\t\t\t\t\t<\/div>\n\n\t\t\t\t\t\t<\/div>\n\t\t\t\t<\/div>\n\t\t\t\t<\/div>\n\t\t<div class=\"elementor-element elementor-element-a392c61 e-con-full e-flex e-con e-child\" data-id=\"a392c61\" data-element_type=\"container\">\n\t\t\t\t<div class=\"elementor-element elementor-element-7087836 wd-width-100 elementor-widget elementor-widget-wd_title\" data-id=\"7087836\" data-element_type=\"widget\" data-widget_type=\"wd_title.default\">\n\t\t\t\t<div class=\"elementor-widget-container\">\n\t\t\t\t\t\t\t\t<link rel=\"stylesheet\" id=\"wd-section-title-css\" href=\"https:\/\/cansinkidswear.com.tr\/wp-content\/themes\/woodmart\/css\/parts\/el-section-title.min.css?ver=7.6.0\" type=\"text\/css\" media=\"all\" \/> \t\t\t\t\t<div class=\"title-wrapper set-mb-s reset-last-child wd-title-color-primary wd-title-style-default wd-title-size-extra-large text-left\">\n\n\t\t\t\t\t\t\t<div class=\"title-subtitle subtitle-color-primary subtitle-style-default wd-fontsize-m\">\n\t\t\t\t\tCans\u0131n Kids Wear\t\t\t\t<\/div>\n\t\t\t\n\t\t\t<div class=\"liner-continer\">\n\t\t\t\t<h4 class=\"woodmart-title-container title wd-fontsize-xxxl\">Hakk\u0131m\u0131zda<\/h4> \n\t\t\t\t\t\t\t<\/div>\n\n\t\t\t\t\t<\/div>\n\t\t\t\t\t\t<\/div>\n\t\t\t\t<\/div>\n\t\t\t\t<div class=\"elementor-element elementor-element-0b93a1b elementor-widget elementor-widget-wd_text_block\" data-id=\"0b93a1b\" data-element_type=\"widget\" data-widget_type=\"wd_text_block.default\">\n\t\t\t\t<div class=\"elementor-widget-container\">\n\t\t\t\t\t\t\t\t<link rel=\"stylesheet\" id=\"wd-text-block-css\" href=\"https:\/\/cansinkidswear.com.tr\/wp-content\/themes\/woodmart\/css\/parts\/el-text-block.min.css?ver=7.6.0\" type=\"text\/css\" media=\"all\" \/> \t\t\t\t\t<div class=\"wd-text-block reset-last-child text-left\">\n\t\t\t\n\t\t\t<p data-start=\"138\" data-end=\"405\"><strong data-start=\"138\" data-end=\"153\">Cans\u0131n Kids<\/strong>, bebek ve \u00e7ocuk giyiminde hem imalat hem de toptan sat\u0131\u015f alan\u0131nda g\u00fcvenilir hizmet sunan k\u00f6kl\u00fc bir markad\u0131r. Kuruldu\u011fumuz g\u00fcnden itibaren, \u00e7ocuklar\u0131n sa\u011fl\u0131\u011f\u0131na ve rahat\u0131na \u00f6nem veren, kaliteli ve modern tasar\u0131mlar\u0131yla \u00f6ne \u00e7\u0131kan \u00fcr\u00fcnler \u00fcretmekteyiz.<\/p><p data-start=\"407\" data-end=\"674\">\u00dcretimin her a\u015famas\u0131nda titizlikle se\u00e7ilen kuma\u015flar ve \u00f6zenli i\u015f\u00e7ilik sayesinde, hem \u015f\u0131k hem de dayan\u0131kl\u0131 koleksiyonlar haz\u0131rl\u0131yoruz. Yenilik\u00e7i bak\u0131\u015f a\u00e7\u0131m\u0131zla her sezon trendleri yakal\u0131yor, bayilerimize geni\u015f \u00fcr\u00fcn yelpazesi ve avantajl\u0131 fiyat se\u00e7enekleri sunuyoruz.<\/p><p data-start=\"676\" data-end=\"1004\"><strong data-start=\"676\" data-end=\"698\">Cans\u0131n Kids olarak<\/strong> amac\u0131m\u0131z; T\u00fcrkiye\u2019nin d\u00f6rt bir yan\u0131ndaki i\u015f ortaklar\u0131m\u0131zla birlikte ebeveynlere g\u00fcvenilir, sa\u011fl\u0131kl\u0131 ve estetik \u00e7ocuk giyim \u00fcr\u00fcnleri ula\u015ft\u0131rmakt\u0131r. Kalite standartlar\u0131m\u0131z, m\u00fc\u015fteri memnuniyetine verdi\u011fimiz \u00f6nem ve h\u0131zl\u0131 tedarik s\u00fcre\u00e7lerimiz ile sekt\u00f6rdeki g\u00fcvenilir adreslerden biri olmaya devam ediyoruz.<\/p><p data-start=\"1006\" data-end=\"1146\">Bizim i\u00e7in sadece \u00fcretim de\u011fil, \u00e7ocuklar\u0131n mutlulu\u011fu da \u00f6nemlidir. Bu nedenle her \u00fcr\u00fcnde kaliteyi, \u015f\u0131kl\u0131\u011f\u0131 ve konforu bir arada sunuyoruz.<\/p><p>\u00a0.<\/p>\n\t\t\t\t\t<\/div>\n\t\t\t\t\t\t<\/div>\n\t\t\t\t<\/div>\n\t\t\t\t<\/div>\n\t\t\t\t\t<\/div>\n\t\t\t\t<\/div>\n\t\t\t\t<\/div>\n\t\t","protected":false},"excerpt":{"rendered":"<p>Cans\u0131n Kids Wear Hakk\u0131m\u0131zda Cans\u0131n Kids, bebek ve \u00e7ocuk giyiminde hem imalat hem de toptan sat\u0131\u015f alan\u0131nda g\u00fcvenilir hizmet sunan<\/p>\n","protected":false},"author":1,"featured_media":0,"parent":0,"menu_order":0,"comment_status":"closed","ping_status":"closed","template":"","meta":{"footnotes":""},"class_list":["post-405","page","type-page","status-publish","hentry"],"_links":{"self":[{"href":"https:\/\/cansinkidswear.com.tr\/index.php?rest_route=\/wp\/v2\/pages\/405","targetHints":{"allow":["GET"]}}],"collection":[{"href":"https:\/\/cansinkidswear.com.tr\/index.php?rest_route=\/wp\/v2\/pages"}],"about":[{"href":"https:\/\/cansinkidswear.com.tr\/index.php?rest_route=\/wp\/v2\/types\/page"}],"author":[{"embeddable":true,"href":"https:\/\/cansinkidswear.com.tr\/index.php?rest_route=\/wp\/v2\/users\/1"}],"replies":[{"embeddable":true,"href":"https:\/\/cansinkidswear.com.tr\/index.php?rest_route=%2Fwp%2Fv2%2Fcomments&post=405"}],"version-history":[{"count":4,"href":"https:\/\/cansinkidswear.com.tr\/index.php?rest_route=\/wp\/v2\/pages\/405\/revisions"}],"predecessor-version":[{"id":942,"href":"https:\/\/cansinkidswear.com.tr\/index.php?rest_route=\/wp\/v2\/pages\/405\/revisions\/942"}],"wp:attachment":[{"href":"https:\/\/cansinkidswear.com.tr\/index.php?rest_route=%2Fwp%2Fv2%2Fmedia&parent=405"}],"curies":[{"name":"wp","href":"https:\/\/api.w.org\/{rel}","templated":true}]}}